{"id":78,"date":"2015-10-14T21:24:16","date_gmt":"2015-10-14T19:24:16","guid":{"rendered":"https:\/\/tusgermania-bruchhausen.de\/wordpress\/?page_id=78"},"modified":"2026-02-22T14:53:27","modified_gmt":"2026-02-22T13:53:27","slug":"freizeitsport-frauen","status":"publish","type":"page","link":"https:\/\/tusgermania-bruchhausen.de\/?page_id=78","title":{"rendered":"Freizeitsport Frauen"},"content":{"rendered":"<div class=\"articlearea\">\n<h1>Freizeitsport Frauen<\/h1>\n<p align=\"justify\">Mittwochs 18-19Uhr<\/p>\n<p align=\"justify\">\u00dcbungsleiterin Jessica Steinr\u00fccken<\/p>\n<p align=\"justify\">____________________________________________________________________________<\/p>\n<\/div>\n<p><a id=\"a1368\" name=\"a1368\"><\/a><\/p>\n<div class=\"articlearea\">\n<h1>Frauen-Gymnastik-Gruppe<\/h1>\n<p>\u00dcbungsleiterinnen: Thea J\u00e4ckel<b><img decoding=\"async\" title=\"\" src=\"https:\/\/tusgermania-bruchhausen.de\/media\/images\/Monatgsgruppe-Thea-%281%29.jpg\" alt=\"\" align=\"right\" border=\"0\" \/><\/b><\/p>\n<p>Trainingszeit: Montags 19:00 &#8211; 20:00 Uhr Sporthalle Bruchhausen<\/p>\n<p>Die Frauen-Gymnastik Gruppe besteht bereits seit 1966 und einige der &#8222;Gr\u00fcnder-Frauen&#8220; sind immer noch aktiv dabei.\u00a0Heute legt die Gruppe besonderen Wert auf\u00a0Wirbels\u00e4ulen-gerechte Gymnastik und arbeitet gegen Osteoporose an. Da die Turnhalle mit vielen verschiedenen Kleinger\u00e4ten best\u00fcckt ist, gestaltet die Gruppe die \u00dcbungsstunde immer sehr abwechslungsreich, untermalt von flotter Musik. Alle Frauen, die Lust auf Bewegung haben, sind auch ohne Voranmeldung herzlich willkommen!<\/p>\n<p><a href=\"https:\/\/tusgermania-bruchhausen.de\/?attachment_id=1389\" rel=\"attachment wp-att-1389\"><img fetchpriority=\"high\" decoding=\"async\" class=\"aligncenter size-large wp-image-1389\" src=\"https:\/\/tusgermania-bruchhausen.de\/wp-content\/uploads\/2026\/02\/Thea-1024x768.jpg\" alt=\"\" width=\"640\" height=\"480\" srcset=\"https:\/\/tusgermania-bruchhausen.de\/wp-content\/uploads\/2026\/02\/Thea-1024x768.jpg 1024w, https:\/\/tusgermania-bruchhausen.de\/wp-content\/uploads\/2026\/02\/Thea-300x225.jpg 300w, https:\/\/tusgermania-bruchhausen.de\/wp-content\/uploads\/2026\/02\/Thea-768x576.jpg 768w, https:\/\/tusgermania-bruchhausen.de\/wp-content\/uploads\/2026\/02\/Thea-1536x1152.jpg 1536w, https:\/\/tusgermania-bruchhausen.de\/wp-content\/uploads\/2026\/02\/Thea-2048x1536.jpg 2048w, https:\/\/tusgermania-bruchhausen.de\/wp-content\/uploads\/2026\/02\/Thea-360x270.jpg 360w\" sizes=\"(max-width: 640px) 100vw, 640px\" \/><\/a><\/p>\n<p>_________________________________________________________________________<\/p>\n<\/div>\n<p><a id=\"a1369\" name=\"a1369\"><\/a><\/p>\n<div class=\"articlearea\">\n<h1>Frauenfitnessgruppe<\/h1>\n<p align=\"justify\">Mittwochs<br \/>\nTrainingszeit:\u00a0 19 bis 20.15 Uhr.<br \/>\nDiese Frauenfitnessgruppe umfasst eine Altersspanne von\u00a018 bis ca. 60 Jahren. Es wird Konditionstraining, Stepaerobic, Bauch-Beine-Po, Wirbels\u00e4ulenfitness bis zum Muskelaufbau mit Kleinger\u00e4ten f\u00fcr den ganzen K\u00f6rper angeboten. Saisonbedingt wird \u00fcber den Sommer Nordicwalking betrieben. Auch neue Teilnehmerinnen sind herzlich willkommen!<\/p>\n<p align=\"justify\"><img decoding=\"async\" title=\"\" src=\"https:\/\/tusgermania-bruchhausen.de\/media\/images\/Mittwochsgruppe-Silvia---Skigymnastik.jpg\" alt=\"\" border=\"0\" \/><\/p>\n<p align=\"justify\">_______________________________________________________________________________<\/p>\n<\/div>\n<p><a id=\"a1370\" name=\"a1370\"><\/a><\/p>\n<div class=\"articlearea\">\n<h1>Montags Fittnessgruppe<\/h1>\n<p>Montags:<br \/>\nTrainingszeit: 20 bis 21 Uhr<\/p>\n<p>Diese\u00a0Fitnessgruppe bietet\u00a0Trendsportarten und saisonbedingt auch Skigymnastik an. Auch Konditionstraining und Fitness in den Bereichen Bauch-Beine-Po, Tae Bow, Wirbels\u00e4ule und Muskelaufbau mit Fitnesskleinger\u00e4ten werden angeboten. M\u00e4nner und Frauen sind herzlich willkommen.<\/p>\n<p><a href=\"https:\/\/tusgermania-bruchhausen.de\/?attachment_id=1387\" rel=\"attachment wp-att-1387\"><img decoding=\"async\" class=\"aligncenter size-large wp-image-1387\" src=\"https:\/\/tusgermania-bruchhausen.de\/wp-content\/uploads\/2026\/02\/Silvo_1-605x1024.jpg\" alt=\"\" width=\"605\" height=\"1024\" srcset=\"https:\/\/tusgermania-bruchhausen.de\/wp-content\/uploads\/2026\/02\/Silvo_1-605x1024.jpg 605w, https:\/\/tusgermania-bruchhausen.de\/wp-content\/uploads\/2026\/02\/Silvo_1-177x300.jpg 177w, https:\/\/tusgermania-bruchhausen.de\/wp-content\/uploads\/2026\/02\/Silvo_1-768x1299.jpg 768w, https:\/\/tusgermania-bruchhausen.de\/wp-content\/uploads\/2026\/02\/Silvo_1-908x1536.jpg 908w, https:\/\/tusgermania-bruchhausen.de\/wp-content\/uploads\/2026\/02\/Silvo_1-1211x2048.jpg 1211w, https:\/\/tusgermania-bruchhausen.de\/wp-content\/uploads\/2026\/02\/Silvo_1-160x270.jpg 160w, https:\/\/tusgermania-bruchhausen.de\/wp-content\/uploads\/2026\/02\/Silvo_1-scaled.jpg 1513w\" sizes=\"(max-width: 605px) 100vw, 605px\" \/><\/a><\/p>\n<\/div>\n","protected":false},"excerpt":{"rendered":"<p>Freizeitsport Frauen Mittwochs 18-19Uhr \u00dcbungsleiterin Jessica Steinr\u00fccken ____________________________________________________________________________ Frauen-Gymnastik-Gruppe \u00dcbungsleiterinnen: Thea J\u00e4ckel Trainingszeit: Montags 19:00 &#8211; 20:00 Uhr Sporthalle Bruchhausen Die Frauen-Gymnastik Gruppe besteht bereits seit 1966 und einige der &#8222;Gr\u00fcnder-Frauen&#8220; sind immer noch aktiv dabei.\u00a0Heute legt die Gruppe besonderen Wert auf\u00a0Wirbels\u00e4ulen-gerechte Gymnastik und arbeitet gegen Osteoporose an. Da die Turnhalle mit vielen verschiedenen Kleinger\u00e4ten best\u00fcckt ist, gestaltet die Gruppe die \u00dcbungsstunde immer sehr abwechslungsreich, untermalt von flotter Musik. Alle Frauen, die Lust auf Bewegung haben, sind auch ohne Voranmeldung&#8230;<\/p>\n<p class=\"read-more\"><a class=\"btn btn-default\" href=\"https:\/\/tusgermania-bruchhausen.de\/?page_id=78\">Weiterlesen<span class=\"screen-reader-text\"> Weiterlesen<\/span><\/a><\/p>\n","protected":false},"author":2,"featured_media":0,"parent":2,"menu_order":2,"comment_status":"closed","ping_status":"closed","template":"","meta":{"_cbd_carousel_blocks":"[]","footnotes":""},"class_list":["post-78","page","type-page","status-publish","hentry"],"yoast_head":"<!-- This site is optimized with the Yoast SEO plugin v27.6 - https:\/\/yoast.com\/product\/yoast-seo-wordpress\/ -->\n<title>Freizeitsport Frauen - TuS Germania Bruchhausen<\/title>\n<meta name=\"robots\" content=\"index, follow, max-snippet:-1, max-image-preview:large, max-video-preview:-1\" \/>\n<link rel=\"canonical\" href=\"https:\/\/tusgermania-bruchhausen.de\/?page_id=78\" \/>\n<meta property=\"og:locale\" content=\"de_DE\" \/>\n<meta property=\"og:type\" content=\"article\" \/>\n<meta property=\"og:title\" content=\"Freizeitsport Frauen - TuS Germania Bruchhausen\" \/>\n<meta property=\"og:description\" content=\"Freizeitsport Frauen Mittwochs 18-19Uhr \u00dcbungsleiterin Jessica Steinr\u00fccken ____________________________________________________________________________ Frauen-Gymnastik-Gruppe \u00dcbungsleiterinnen: Thea J\u00e4ckel Trainingszeit: Montags 19:00 &#8211; 20:00 Uhr Sporthalle Bruchhausen Die Frauen-Gymnastik Gruppe besteht bereits seit 1966 und einige der &#8222;Gr\u00fcnder-Frauen&#8220; sind immer noch aktiv dabei.\u00a0Heute legt die Gruppe besonderen Wert auf\u00a0Wirbels\u00e4ulen-gerechte Gymnastik und arbeitet gegen Osteoporose an. Da die Turnhalle mit vielen verschiedenen Kleinger\u00e4ten best\u00fcckt ist, gestaltet die Gruppe die \u00dcbungsstunde immer sehr abwechslungsreich, untermalt von flotter Musik. Alle Frauen, die Lust auf Bewegung haben, sind auch ohne Voranmeldung...Weiterlesen Weiterlesen\" \/>\n<meta property=\"og:url\" content=\"https:\/\/tusgermania-bruchhausen.de\/?page_id=78\" \/>\n<meta property=\"og:site_name\" content=\"TuS Germania Bruchhausen\" \/>\n<meta property=\"article:modified_time\" content=\"2026-02-22T13:53:27+00:00\" \/>\n<meta property=\"og:image\" content=\"https:\/\/tusgermania-bruchhausen.de\/media\/images\/Monatgsgruppe-Thea-%281%29.jpg\" \/>\n<meta name=\"twitter:card\" content=\"summary_large_image\" \/>\n<meta name=\"twitter:label1\" content=\"Gesch\u00e4tzte Lesezeit\" \/>\n\t<meta name=\"twitter:data1\" content=\"2\u00a0Minuten\" \/>\n<script type=\"application\/ld+json\" class=\"yoast-schema-graph\">{\"@context\":\"https:\\\/\\\/schema.org\",\"@graph\":[{\"@type\":\"WebPage\",\"@id\":\"https:\\\/\\\/tusgermania-bruchhausen.de\\\/?page_id=78\",\"url\":\"https:\\\/\\\/tusgermania-bruchhausen.de\\\/?page_id=78\",\"name\":\"Freizeitsport Frauen - TuS Germania Bruchhausen\",\"isPartOf\":{\"@id\":\"https:\\\/\\\/tusgermania-bruchhausen.de\\\/#website\"},\"primaryImageOfPage\":{\"@id\":\"https:\\\/\\\/tusgermania-bruchhausen.de\\\/?page_id=78#primaryimage\"},\"image\":{\"@id\":\"https:\\\/\\\/tusgermania-bruchhausen.de\\\/?page_id=78#primaryimage\"},\"thumbnailUrl\":\"https:\\\/\\\/tusgermania-bruchhausen.de\\\/media\\\/images\\\/Monatgsgruppe-Thea-%281%29.jpg\",\"datePublished\":\"2015-10-14T19:24:16+00:00\",\"dateModified\":\"2026-02-22T13:53:27+00:00\",\"breadcrumb\":{\"@id\":\"https:\\\/\\\/tusgermania-bruchhausen.de\\\/?page_id=78#breadcrumb\"},\"inLanguage\":\"de\",\"potentialAction\":[{\"@type\":\"ReadAction\",\"target\":[\"https:\\\/\\\/tusgermania-bruchhausen.de\\\/?page_id=78\"]}]},{\"@type\":\"ImageObject\",\"inLanguage\":\"de\",\"@id\":\"https:\\\/\\\/tusgermania-bruchhausen.de\\\/?page_id=78#primaryimage\",\"url\":\"https:\\\/\\\/tusgermania-bruchhausen.de\\\/media\\\/images\\\/Monatgsgruppe-Thea-%281%29.jpg\",\"contentUrl\":\"https:\\\/\\\/tusgermania-bruchhausen.de\\\/media\\\/images\\\/Monatgsgruppe-Thea-%281%29.jpg\"},{\"@type\":\"BreadcrumbList\",\"@id\":\"https:\\\/\\\/tusgermania-bruchhausen.de\\\/?page_id=78#breadcrumb\",\"itemListElement\":[{\"@type\":\"ListItem\",\"position\":1,\"name\":\"Startseite\",\"item\":\"https:\\\/\\\/tusgermania-bruchhausen.de\\\/\"},{\"@type\":\"ListItem\",\"position\":2,\"name\":\"Abteilungen\",\"item\":\"https:\\\/\\\/tusgermania-bruchhausen.de\\\/?page_id=2\"},{\"@type\":\"ListItem\",\"position\":3,\"name\":\"Freizeitsport Frauen\"}]},{\"@type\":\"WebSite\",\"@id\":\"https:\\\/\\\/tusgermania-bruchhausen.de\\\/#website\",\"url\":\"https:\\\/\\\/tusgermania-bruchhausen.de\\\/\",\"name\":\"TuS Germania Bruchhausen\",\"description\":\"\",\"publisher\":{\"@id\":\"https:\\\/\\\/tusgermania-bruchhausen.de\\\/#organization\"},\"potentialAction\":[{\"@type\":\"SearchAction\",\"target\":{\"@type\":\"EntryPoint\",\"urlTemplate\":\"https:\\\/\\\/tusgermania-bruchhausen.de\\\/?s={search_term_string}\"},\"query-input\":{\"@type\":\"PropertyValueSpecification\",\"valueRequired\":true,\"valueName\":\"search_term_string\"}}],\"inLanguage\":\"de\"},{\"@type\":\"Organization\",\"@id\":\"https:\\\/\\\/tusgermania-bruchhausen.de\\\/#organization\",\"name\":\"TuS Germania Bruchhausen\",\"url\":\"https:\\\/\\\/tusgermania-bruchhausen.de\\\/\",\"logo\":{\"@type\":\"ImageObject\",\"inLanguage\":\"de\",\"@id\":\"https:\\\/\\\/tusgermania-bruchhausen.de\\\/#\\\/schema\\\/logo\\\/image\\\/\",\"url\":\"https:\\\/\\\/tusgermania-bruchhausen.de\\\/wp-content\\\/uploads\\\/2016\\\/04\\\/cropped-tgb-logo.png\",\"contentUrl\":\"https:\\\/\\\/tusgermania-bruchhausen.de\\\/wp-content\\\/uploads\\\/2016\\\/04\\\/cropped-tgb-logo.png\",\"width\":106,\"height\":108,\"caption\":\"TuS Germania Bruchhausen\"},\"image\":{\"@id\":\"https:\\\/\\\/tusgermania-bruchhausen.de\\\/#\\\/schema\\\/logo\\\/image\\\/\"}}]}<\/script>\n<!-- \/ Yoast SEO plugin. -->","yoast_head_json":{"title":"Freizeitsport Frauen - TuS Germania Bruchhausen","robots":{"index":"index","follow":"follow","max-snippet":"max-snippet:-1","max-image-preview":"max-image-preview:large","max-video-preview":"max-video-preview:-1"},"canonical":"https:\/\/tusgermania-bruchhausen.de\/?page_id=78","og_locale":"de_DE","og_type":"article","og_title":"Freizeitsport Frauen - TuS Germania Bruchhausen","og_description":"Freizeitsport Frauen Mittwochs 18-19Uhr \u00dcbungsleiterin Jessica Steinr\u00fccken ____________________________________________________________________________ Frauen-Gymnastik-Gruppe \u00dcbungsleiterinnen: Thea J\u00e4ckel Trainingszeit: Montags 19:00 &#8211; 20:00 Uhr Sporthalle Bruchhausen Die Frauen-Gymnastik Gruppe besteht bereits seit 1966 und einige der &#8222;Gr\u00fcnder-Frauen&#8220; sind immer noch aktiv dabei.\u00a0Heute legt die Gruppe besonderen Wert auf\u00a0Wirbels\u00e4ulen-gerechte Gymnastik und arbeitet gegen Osteoporose an. Da die Turnhalle mit vielen verschiedenen Kleinger\u00e4ten best\u00fcckt ist, gestaltet die Gruppe die \u00dcbungsstunde immer sehr abwechslungsreich, untermalt von flotter Musik. Alle Frauen, die Lust auf Bewegung haben, sind auch ohne Voranmeldung...Weiterlesen Weiterlesen","og_url":"https:\/\/tusgermania-bruchhausen.de\/?page_id=78","og_site_name":"TuS Germania Bruchhausen","article_modified_time":"2026-02-22T13:53:27+00:00","og_image":[{"url":"https:\/\/tusgermania-bruchhausen.de\/media\/images\/Monatgsgruppe-Thea-%281%29.jpg","type":"","width":"","height":""}],"twitter_card":"summary_large_image","twitter_misc":{"Gesch\u00e4tzte Lesezeit":"2\u00a0Minuten"},"schema":{"@context":"https:\/\/schema.org","@graph":[{"@type":"WebPage","@id":"https:\/\/tusgermania-bruchhausen.de\/?page_id=78","url":"https:\/\/tusgermania-bruchhausen.de\/?page_id=78","name":"Freizeitsport Frauen - TuS Germania Bruchhausen","isPartOf":{"@id":"https:\/\/tusgermania-bruchhausen.de\/#website"},"primaryImageOfPage":{"@id":"https:\/\/tusgermania-bruchhausen.de\/?page_id=78#primaryimage"},"image":{"@id":"https:\/\/tusgermania-bruchhausen.de\/?page_id=78#primaryimage"},"thumbnailUrl":"https:\/\/tusgermania-bruchhausen.de\/media\/images\/Monatgsgruppe-Thea-%281%29.jpg","datePublished":"2015-10-14T19:24:16+00:00","dateModified":"2026-02-22T13:53:27+00:00","breadcrumb":{"@id":"https:\/\/tusgermania-bruchhausen.de\/?page_id=78#breadcrumb"},"inLanguage":"de","potentialAction":[{"@type":"ReadAction","target":["https:\/\/tusgermania-bruchhausen.de\/?page_id=78"]}]},{"@type":"ImageObject","inLanguage":"de","@id":"https:\/\/tusgermania-bruchhausen.de\/?page_id=78#primaryimage","url":"https:\/\/tusgermania-bruchhausen.de\/media\/images\/Monatgsgruppe-Thea-%281%29.jpg","contentUrl":"https:\/\/tusgermania-bruchhausen.de\/media\/images\/Monatgsgruppe-Thea-%281%29.jpg"},{"@type":"BreadcrumbList","@id":"https:\/\/tusgermania-bruchhausen.de\/?page_id=78#breadcrumb","itemListElement":[{"@type":"ListItem","position":1,"name":"Startseite","item":"https:\/\/tusgermania-bruchhausen.de\/"},{"@type":"ListItem","position":2,"name":"Abteilungen","item":"https:\/\/tusgermania-bruchhausen.de\/?page_id=2"},{"@type":"ListItem","position":3,"name":"Freizeitsport Frauen"}]},{"@type":"WebSite","@id":"https:\/\/tusgermania-bruchhausen.de\/#website","url":"https:\/\/tusgermania-bruchhausen.de\/","name":"TuS Germania Bruchhausen","description":"","publisher":{"@id":"https:\/\/tusgermania-bruchhausen.de\/#organization"},"potentialAction":[{"@type":"SearchAction","target":{"@type":"EntryPoint","urlTemplate":"https:\/\/tusgermania-bruchhausen.de\/?s={search_term_string}"},"query-input":{"@type":"PropertyValueSpecification","valueRequired":true,"valueName":"search_term_string"}}],"inLanguage":"de"},{"@type":"Organization","@id":"https:\/\/tusgermania-bruchhausen.de\/#organization","name":"TuS Germania Bruchhausen","url":"https:\/\/tusgermania-bruchhausen.de\/","logo":{"@type":"ImageObject","inLanguage":"de","@id":"https:\/\/tusgermania-bruchhausen.de\/#\/schema\/logo\/image\/","url":"https:\/\/tusgermania-bruchhausen.de\/wp-content\/uploads\/2016\/04\/cropped-tgb-logo.png","contentUrl":"https:\/\/tusgermania-bruchhausen.de\/wp-content\/uploads\/2016\/04\/cropped-tgb-logo.png","width":106,"height":108,"caption":"TuS Germania Bruchhausen"},"image":{"@id":"https:\/\/tusgermania-bruchhausen.de\/#\/schema\/logo\/image\/"}}]}},"_links":{"self":[{"href":"https:\/\/tusgermania-bruchhausen.de\/index.php?rest_route=\/wp\/v2\/pages\/78","targetHints":{"allow":["GET"]}}],"collection":[{"href":"https:\/\/tusgermania-bruchhausen.de\/index.php?rest_route=\/wp\/v2\/pages"}],"about":[{"href":"https:\/\/tusgermania-bruchhausen.de\/index.php?rest_route=\/wp\/v2\/types\/page"}],"author":[{"embeddable":true,"href":"https:\/\/tusgermania-bruchhausen.de\/index.php?rest_route=\/wp\/v2\/users\/2"}],"replies":[{"embeddable":true,"href":"https:\/\/tusgermania-bruchhausen.de\/index.php?rest_route=%2Fwp%2Fv2%2Fcomments&post=78"}],"version-history":[{"count":3,"href":"https:\/\/tusgermania-bruchhausen.de\/index.php?rest_route=\/wp\/v2\/pages\/78\/revisions"}],"predecessor-version":[{"id":1400,"href":"https:\/\/tusgermania-bruchhausen.de\/index.php?rest_route=\/wp\/v2\/pages\/78\/revisions\/1400"}],"up":[{"embeddable":true,"href":"https:\/\/tusgermania-bruchhausen.de\/index.php?rest_route=\/wp\/v2\/pages\/2"}],"wp:attachment":[{"href":"https:\/\/tusgermania-bruchhausen.de\/index.php?rest_route=%2Fwp%2Fv2%2Fmedia&parent=78"}],"curies":[{"name":"wp","href":"https:\/\/api.w.org\/{rel}","templated":true}]}}